{"id":1295221,"date":"2026-02-26T18:33:18","date_gmt":"2026-02-26T17:33:18","guid":{"rendered":"https:\/\/www.privatepropertymallorca.com\/contacto\/"},"modified":"2026-04-17T16:14:15","modified_gmt":"2026-04-17T14:14:15","slug":"introduccion","status":"publish","type":"page","link":"https:\/\/www.privatepropertymallorca.com\/es\/introduccion\/","title":{"rendered":"Introduccion"},"content":{"rendered":"<div class=\"wpb-content-wrapper\"><p>[vc_row content_placement=\u00bbmiddle\u00bb bg_type=\u00bbbg_color\u00bb css=\u00bb.vc_custom_1773409559871{margin-top: 15px !important;margin-right: 0px !important;margin-left: 0px !important;background-position: center !important;background-repeat: no-repeat !important;background-size: contain !important;}\u00bb bg_color_value=\u00bb#FFFFFF\u00bb][vc_column css=\u00bb.vc_custom_1774006029108{padding-bottom: 100px !important;background-image: url(https:\/\/www.privatepropertymallorca.com\/wp-content\/uploads\/2026\/03\/Untitled-design-10-2.png?id=1300240) !important;}\u00bb][vc_column_text css=\u00bb.vc_custom_1773411457522{padding-top: 40px !important;}\u00bb]<\/p>\n<div class=\"ref-lang-switcher\">\n<div role=\"navigation\" aria-label=\"Selector de idioma\" class=\"wpml-ls-statics-shortcode_actions wpml-ls wpml-ls-legacy-list-horizontal\">\n\t<ul><li class=\"wpml-ls-slot-shortcode_actions wpml-ls-item wpml-ls-item-de wpml-ls-first-item wpml-ls-item-legacy-list-horizontal\">\n\t\t\t\t<a href=\"https:\/\/www.privatepropertymallorca.com\/\" hreflang=\"de\" lang=\"de\" class=\"wpml-ls-link\" aria-label=\"Cambiar a DE\" title=\"Cambiar a DE\">\n\t\t\t\t\t                        <img decoding=\"async\"\n            class=\"wpml-ls-flag\"\n            src=\"https:\/\/www.privatepropertymallorca.com\/wp-content\/plugins\/sitepress-multilingual-cms\/res\/flags\/de.png\"\n            alt=\"DE\"\n            loading=\"lazy\"\n            width=22\n            \n    \/><\/a>\n\t\t\t<\/li><li class=\"wpml-ls-slot-shortcode_actions wpml-ls-item wpml-ls-item-en wpml-ls-last-item wpml-ls-item-legacy-list-horizontal\">\n\t\t\t\t<a href=\"https:\/\/www.privatepropertymallorca.com\/en\/\" hreflang=\"en\" lang=\"en\" class=\"wpml-ls-link\" aria-label=\"Cambiar a EN\" title=\"Cambiar a EN\">\n\t\t\t\t\t                        <img decoding=\"async\"\n            class=\"wpml-ls-flag\"\n            src=\"https:\/\/www.privatepropertymallorca.com\/wp-content\/plugins\/sitepress-multilingual-cms\/res\/flags\/en.png\"\n            alt=\"EN\"\n            loading=\"lazy\"\n            width=22\n            \n    \/><\/a>\n\t\t\t<\/li><\/ul>\n<\/div>\n<\/div>\n<h1 style=\"text-align: center; color: #ffffff; margin-bottom: 50px;\">\u00bfEST\u00c1 PENSANDO EN COMPRAR O VENDER UNA PROPIEDAD EN MALLORCA?<\/h1>\n<h2 style=\"text-align: center;\"><span style=\"color: #ffffff;\"><br \/>\nHa sido presentado personalmente a Private Property Mallorca.<br \/>\nPor favor, deje sus datos a continuaci\u00f3n y uno de los miembros de nuestro equipo se pondr\u00e1 en contacto con usted en breve.<br \/>\n<\/span><\/h2>\n<p>[\/vc_column_text][\/vc_column][\/vc_row][vc_row content_placement=\u00bbmiddle\u00bb bg_type=\u00bbbg_color\u00bb css=\u00bb.vc_custom_1773136880482{margin-top: 15px !important;margin-right: 0px !important;margin-left: 0px !important;}\u00bb bg_color_value=\u00bb#FFFFFF\u00bb][vc_column width=\u00bb1\/6&#8243;][\/vc_column][vc_column width=\u00bb2\/3&#8243;][vc_column_text css=\u00bb.vc_custom_1773137811161{padding-top: 40px !important;}\u00bb]<\/p>\n<p data-start=\"1233\" data-end=\"1307\"><span style=\"color: #000000; font-size: 14pt;\">Esta p\u00e1gina le pone en contacto directo con el equipo de Private Property Mallorca.<\/span><\/p>\n<p><span style=\"color: #000000; font-size: 14pt;\">Una vez enviados sus datos, nos pondremos en contacto con usted en un plazo de 24 horas para comentar sus planes de compra o venta. Todas las consultas se tratan con total confidencialidad y sin compromiso.<\/span><\/p>\n<p>[\/vc_column_text][vc_separator align=\u00bbalign_left\u00bb css=\u00bb\u00bb][vc_column_text css=\u00bb\u00bb]<\/p>\n<h1>Datos de contacto<\/h1>\n<h3>Por favor, complete el siguiente formulario y nos pondremos en contacto con usted en breve.<\/h3>\n<p>[\/vc_column_text][vc_separator align=\u00bbalign_left\u00bb css=\u00bb\u00bb][vc_wp_text]<\/p>\n<p style=\"text-align: center;\"><div data-uniq='69f2d9e69ab88' class='uniq-69f2d9e69ab88 formcraft-css form-live align-left'><div style='display: none' class='pre-populate-data'>{&quot;field4&quot;:[&quot;&quot;],&quot;field5&quot;:&quot;&quot;,&quot;field6&quot;:[&quot;&quot;],&quot;field13&quot;:&quot;Lo llamaremos en las pr\u00f3ximas 24 horas.&quot;,&quot;field21&quot;:[&quot;&quot;]}<\/div><style type='text\/css' scoped='scoped'>.even {background-color: #fff !important;}\n.form-element-field9 .sub-label-true {display:none;}\n.form-element-field9 .form-element-html, .form-element-field6 .form-element-html {padding-bottom:0 !important;}\nhtml .formcraft-css .fc-form .form-element .checkbox-cover>div label input {margin-right: 1em;}<\/style><script> window.formcraftLogic = window.formcraftLogic || {}; window.formcraftLogic[21] = []; <\/script><div class=\"fc-pagination-cover fc-pagination-1\">\n\t\t\t\t<div class=\"fc-pagination width-100\">\n\t\t\t\t\t<!-- ngRepeat: page in Builder.FormElements track by $index --><div class=\"pagination-trigger \" data-index=\"0\">\n\t\t\t\t\t\t<span class=\"page-number\"><span >1<\/span><\/span>\n\t\t\t\t\t\t<span class=\"page-name \">Step 1<\/span>\n\t\t\t\t\t\t\n\t\t\t\t\t<\/div><!-- end ngRepeat: page in Builder.FormElements track by $index -->\n\t\t\t\t<\/div>\n\t\t\t<\/div>\n\t\t\t\n\t\t\t<style scoped=\"scoped\" >\n\t\t\t@media (max-width : 480px) {\n\t\t\t\t.fc_modal-dialog-21 .fc-pagination-cover .fc-pagination\n\t\t\t\t{\n\t\t\t\t\tbackground-color: white !important;\n\t\t\t\t}\n\t\t\t}\n\t\t\t\t\t\t.formcraft-css .fc-form.fc-form-21 .form-element .submit-cover .submit-button,\n\t\t\t.formcraft-css .fc-form.fc-form-21 .form-element .fileupload-cover .button-file,\n\t\t\t.formcraft-css .fc-form.fc-form-21 .form-element .field-cover .button,\n\t\t\t.formcraft-datepicker .ui-datepicker-header,\n\t\t\t.formcraft-datepicker .ui-datepicker-title\n\t\t\t{\n\t\t\t\tbackground: #b39b77;\n\t\t\t\tcolor: #fff;\n\t\t\t}\n\t\t\t.formcraft-datepicker td .ui-state-active,\n\t\t\t.formcraft-datepicker td .ui-state-hover,\n\t\t\t.formcraft-css .fc-form.fc-form-21 .form-element .slider-cover .ui-slider-range\n\t\t\t{\n\t\t\t\tbackground: #b39b77;\n\t\t\t}\n\t\t\t#ui-datepicker-div.formcraft-datepicker .ui-datepicker-header,\n\t\t\t.formcraft-css .fc-form .field-cover>div.full hr\n\t\t\t{\n\t\t\t\tborder-color: #9d8868;\n\t\t\t}\n\t\t\t#ui-datepicker-div.formcraft-datepicker .ui-datepicker-prev:hover,\n\t\t\t#ui-datepicker-div.formcraft-datepicker .ui-datepicker-next:hover,\n\t\t\t#ui-datepicker-div.formcraft-datepicker select.ui-datepicker-month:hover,\n\t\t\t#ui-datepicker-div.formcraft-datepicker select.ui-datepicker-year:hover\n\t\t\t{\n\t\t\t\tbackground-color: #9d8868;\n\t\t\t}\n\t\t\t.formcraft-css .fc-pagination>div.active .page-number,\n\t\t\t.formcraft-css .form-cover-builder .fc-pagination>div:first-child .page-number\n\t\t\t{\n\t\t\t\tbackground-color: #4d6b87;\n\t\t\t\tcolor: #fff;\n\t\t\t}\n\t\t\t#ui-datepicker-div.formcraft-datepicker table.ui-datepicker-calendar th,\n\t\t\t#ui-datepicker-div.formcraft-datepicker table.ui-datepicker-calendar td.ui-datepicker-today a,\n\t\t\t.formcraft-css .fc-form.fc-form-21 .form-element .star-cover label,\n\t\t\thtml .formcraft-css .fc-form.label-floating .form-element .field-cover.has-focus>span,\n\t\t\t.formcraft-css .fc-form.fc-form-21 .form-element .customText-cover a,\n\t\t\t.formcraft-css .prev-next>div span:hover\n\t\t\t{\n\t\t\t\tcolor: #b39b77;\n\t\t\t}\n\t\t\t.formcraft-css .fc-form.fc-form-21 .form-element .customText-cover a:hover\n\t\t\t{\n\t\t\t\tcolor: #9d8868;\n\t\t\t}\n\t\t\thtml .formcraft-css .fc-form.fc-form-21.label-floating .form-element .field-cover > span\n\t\t\t{\n\t\t\t\tcolor: #666666;\n\t\t\t}\n\t\t\thtml .formcraft-css .fc-form .final-success .final-success-check {\n\t\t\t\tborder: 2px solid #666666;\n\t\t\t}\n\t\t\t.formcraft-css .fc-form.fc-form-21 .form-element .field-cover input[type=\"text\"],\n\t\t\t.formcraft-css .fc-form.fc-form-21 .form-element .field-cover input[type=\"email\"],\n\t\t\t.formcraft-css .fc-form.fc-form-21 .form-element .field-cover input[type=\"password\"],\n\t\t\t.formcraft-css .fc-form.fc-form-21 .form-element .field-cover input[type=\"tel\"],\n\t\t\t.formcraft-css .fc-form.fc-form-21 .form-element .field-cover textarea,\n\t\t\t.formcraft-css .fc-form.fc-form-21 .form-element .field-cover select,\n\t\t\t.formcraft-css .fc-form.fc-form-21 .form-element .field-cover .time-fields-cover,\n\t\t\t.formcraft-css .fc-form.fc-form-21 .form-element .field-cover .awesomplete ul\n\t\t\t{\n\t\t\t\tcolor: #777;\n\t\t\t}\n\t\t\t.formcraft-css .fc-form.fc-form-21 .form-element .field-cover input[type=\"text\"],\n\t\t\t.formcraft-css .fc-form.fc-form-21 .form-element .field-cover input[type=\"password\"],\n\t\t\t.formcraft-css .fc-form.fc-form-21 .form-element .field-cover input[type=\"email\"],\n\t\t\t.formcraft-css .fc-form.fc-form-21 .form-element .field-cover input[type=\"radio\"],\n\t\t\t.formcraft-css .fc-form.fc-form-21 .form-element .field-cover input[type=\"checkbox\"],\n\t\t\t.formcraft-css .fc-form.fc-form-21 .form-element .field-cover input[type=\"tel\"],\n\t\t\t.formcraft-css .fc-form.fc-form-21 .form-element .field-cover select,\n\t\t\t.formcraft-css .fc-form.fc-form-21 .form-element .field-cover textarea\n\t\t\t{\n\t\t\t\tbackground-color: #fafafa;\n\t\t\t}\n\t\t\t.formcraft-css .fc-form.fc-form-21 .form-element .field-cover input[type=\"radio\"]:checked,\n\t\t\t.formcraft-css .fc-form.fc-form-21 .form-element .field-cover input[type=\"checkbox\"]:checked {\n\t\t\t\tborder-color: #9d8868;\n\t\t\t\tbackground: #b39b77;\t\t\t\t\n\t\t\t}\n\t\t\t.formcraft-css .fc-form.fc-form-21 .form-element .star-cover label .star\n\t\t\t{\n\t\t\t\ttext-shadow: 0px 1px 0px #9d8868;\n\t\t\t}\n\t\t\t.formcraft-css .fc-form.fc-form-21 .form-element .slider-cover .ui-slider-range\n\t\t\t{\n\t\t\t\tbox-shadow: 0px 1px 1px #9d8868 inset;\n\t\t\t}\n\t\t\t.formcraft-css .fc-form.fc-form-21 .form-element .fileupload-cover .button-file\n\t\t\t{\n\t\t\t\tborder-color: #9d8868;\n\t\t\t}\n\t\t\t.formcraft-css .fc-form.fc-form-21 .form-element .form-element-html input[type=\"password\"]:focus,\n\t\t\t.formcraft-css .fc-form.fc-form-21 .form-element .form-element-html input[type=\"email\"]:focus,\n\t\t\t.formcraft-css .fc-form.fc-form-21 .form-element .form-element-html input[type=\"tel\"]:focus,\n\t\t\t.formcraft-css .fc-form.fc-form-21 .form-element .form-element-html input[type=\"text\"]:focus,\n\t\t\t.formcraft-css .fc-form.fc-form-21 .form-element .form-element-html textarea:focus,\n\t\t\t.formcraft-css .fc-form.fc-form-21 .form-element .form-element-html select:focus\n\t\t\t{\n\t\t\t\tborder-color: #b39b77;\n\t\t\t}\n\t\t\t.formcraft-css .fc-form.fc-form-21 .form-element .form-element-html .field-cover .is-read-only:focus {\n\t\t\t\tborder-color: #ccc;\n\t\t\t}\n\t\t\t.formcraft-css .fc-form.fc-form-21\t\t\t{\n\t\t\t\tfont-family: Ubuntu;\n\t\t\t}\n\t\t\t@media (max-width : 480px) {\n\t\t\t\thtml .dedicated-page,\n\t\t\t\thtml .dedicated-page .formcraft-css .fc-pagination > div.active\n\t\t\t\t{\n\t\t\t\t\tbackground: white;\n\t\t\t\t}\n\t\t\t}\n\t\t<\/style>\n\t\t<div class=\"form-cover\">\n\t\t\t<form data-auto-scroll=\"\" data-no-message-redirect=\"\" data-thousand=\"\" data-decimal=\".\" data-delay=\"\" data-id=\"21\" class=\"fc-form fc-form-21 align- fc-temp-class save-form- dont-submit-hidden- disable-enter- label-floating field-border-visible frame-visible remove-asterisk-false icons-hide-false field-alignment-left\" style=\"width: 100%; color: #666666; font-size: 100%; background: white\">\n\t\t\t\t<!-- ngRepeat: page in Builder.FormElements track by $index --><div class=\"form-page form-page-0\" data-index=\"0\">\n\t\t\t\t\t\n\t\t\t\t\t<div class=\"form-page-content      ng-not-empty\">\n\t\t\t\t\t\t<div data-identifier=\"field4\" data-index=\"0\" style=\"width: 100%\" class=\" form-element form-element-field4 options-false form-element-0 default-false form-element-type-oneLineText is-required-true odd -handle\">\n\t\t\t\t\t\t\t<div class=\"form-element-html\"><div ><label class=\"oneLineText-cover field-cover \"><span class=\"sub-label-true\"><span class=\"main-label\"><span >Nombre<\/span><\/span><span class=\"sub-label\"><span >nombre completo<\/span><\/span><\/span><div><span class=\"error\"><\/span><input type=\"text\" placeholder=\"\" make-read-only=\"false\" data-field-id=\"field4\" name=\"field4[]\" data-min-char=\"\" data-max-char=\"\" data-val-type=\"\" data-regexp=\"\" data-is-required=\"true\" data-allow-spaces=\"true\" class=\"validation-lenient\" data-placement=\"right\" data-toggle=\"tooltip\" tooltip=\"\" data-trigger=\"focus\" data-html=\"true\" data-input-mask=\"\" data-mask-placeholder=\"\" data-original-title=\"\"><i class=\"formcraft-icon formcraft-icon-type-account_circle\">account_circle<\/i><\/div><\/label><\/div><\/div>\n\t\t\t\t\t\t\t\n\t\t\t\t\t\t<\/div><div data-identifier=\"field5\" data-index=\"1\" style=\"width: 100%\" class=\" even form-element form-element-field5 options-false form-element-1 default-false form-element-type-email is-required-false -handle\">\n\t\t\t\t\t\t\t<div class=\"form-element-html\"><div ><label class=\"email-cover field-cover \"><span class=\"sub-label-true\"><span class=\"main-label\"><span >Correo Electronico<\/span><\/span><span class=\"sub-label\"><span >correo electronico<\/span><\/span><\/span><div><span class=\"error\"><\/span><input placeholder=\"\" data-field-id=\"field5\" type=\"text\" data-val-type=\"email\" make-read-only=\"\" data-is-required=\"false\" name=\"field5\" class=\"validation-lenient\" data-placement=\"right\" data-toggle=\"tooltip\" tooltip=\"\" data-trigger=\"focus\" data-html=\"true\" data-original-title=\"\"><i class=\"formcraft-icon\">email<\/i><\/div><\/label><\/div><\/div>\n\t\t\t\t\t\t\t\n\t\t\t\t\t\t<\/div><div data-identifier=\"field6\" data-index=\"2\" style=\"width: 100%\" class=\" form-element form-element-field6 options-false form-element-2 default-false form-element-type-oneLineText is-required-true odd -handle\">\n\t\t\t\t\t\t\t<div class=\"form-element-html\"><div ><label class=\"oneLineText-cover field-cover \"><span class=\"sub-label-true\"><span class=\"main-label\"><span >Telefono<\/span><\/span><span class=\"sub-label\"><span >m\u00f3vil<\/span><\/span><\/span><div><span class=\"error\"><\/span><input type=\"text\" placeholder=\"\" make-read-only=\"false\" data-field-id=\"field6\" name=\"field6[]\" data-min-char=\"\" data-max-char=\"\" data-val-type=\"\" data-regexp=\"\" data-is-required=\"true\" data-allow-spaces=\"\" class=\"validation-lenient\" data-placement=\"right\" data-toggle=\"tooltip\" tooltip=\"\" data-trigger=\"focus\" data-html=\"true\" data-input-mask=\"\" data-mask-placeholder=\"\" data-original-title=\"\"><i class=\"formcraft-icon formcraft-icon-type-call\">call<\/i><\/div><\/label><\/div><\/div>\n\t\t\t\t\t\t\t\n\t\t\t\t\t\t<\/div><div data-identifier=\"field16\" data-index=\"3\" style=\"width: 100%\" class=\" even form-element form-element-field16 options-false form-element-3 default-false form-element-type-checkbox is-required-true -handle\">\n\t\t\t\t\t\t\t<div class=\"form-element-html\"><div ><div class=\"images- checkbox-cover field-cover\"><span class=\"sub-label-true\"><span class=\"main-label\"><span >Interesado en:<\/span><\/span><span class=\"sub-label\"><span >elige<\/span><\/span><\/span><div data-placement=\"right\" data-toggle=\"tooltip\" tooltip=\"\" data-trigger=\"hover\" data-html=\"true\" data-original-title=\"\"><span class=\"error\"><\/span><label style=\"width:\" ><img alt=\"private property mallorca contact,mallorca real estate contact,mallorca real estate agent contact\"><input data-field-id=\"field16\" type=\"checkbox\" data-is-required=\"true\" name=\"field16[]\" value=\"Comprar\" class=\"validation-lenient\"><span><span >Comprar<\/span><\/span><\/label><label style=\"width:\" ><img alt=\"private property mallorca contact,mallorca real estate contact,mallorca real estate agent contact\"><input data-field-id=\"field16\" type=\"checkbox\" data-is-required=\"true\" name=\"field16[]\" value=\"Vender\" class=\"validation-lenient\"><span><span >Vender<\/span><\/span><\/label><label style=\"width:\" ><img alt=\"private property mallorca contact,mallorca real estate contact,mallorca real estate agent contact\"><input data-field-id=\"field16\" type=\"checkbox\" data-is-required=\"true\" name=\"field16[]\" value=\"Los dos\" class=\"validation-lenient\"><span><span >Los dos<\/span><\/span><\/label><\/div><\/div><\/div><\/div>\n\t\t\t\t\t\t\t\n\t\t\t\t\t\t<\/div><div data-identifier=\"field8\" data-index=\"4\" style=\"width: 100%\" class=\" form-element form-element-field8 options-false form-element-4 default-false form-element-type-checkbox is-required-true odd -handle\">\n\t\t\t\t\t\t\t<div class=\"form-element-html\"><div ><div class=\"images- checkbox-cover field-cover\"><span class=\"sub-label-false\"><span class=\"main-label\"><\/span><span class=\"sub-label\"><\/span><\/span><div data-placement=\"right\" data-toggle=\"tooltip\" tooltip=\"\" data-trigger=\"hover\" data-html=\"true\" data-original-title=\"\"><span class=\"error\"><\/span><label style=\"width:\" ><img alt=\"private property mallorca contact,mallorca real estate contact,mallorca real estate agent contact\"><input data-field-id=\"field8\" type=\"checkbox\" data-is-required=\"true\" name=\"field8[]\" value=\"Acepto expresamente la pol\u00edtica de privacidad de Personal Property Consult, S.L.\" class=\"validation-lenient\"><span><span >Acepto expresamente la pol\u00edtica de privacidad de Personal Property Consult, S.L.<\/span><\/span><\/label><\/div><\/div><\/div><\/div>\n\t\t\t\t\t\t\t\n\t\t\t\t\t\t<\/div><div data-identifier=\"field7\" data-index=\"5\" style=\"width: 100%\" class=\" even form-element form-element-field7 options-false form-element-5 default-false form-element-type-submit is-required-false -handle\">\n\t\t\t\t\t\t\t<div class=\"form-element-html\"><div ><div class=\"align-center wide-true submit-cover field-cover\"><button type=\"submit\" class=\"button submit-button\"><span class=\"text \">Enviar<\/span><span class=\"spin-cover\"><i style=\"color:\" class=\"loading-icon icon-cog animate-spin\"><\/i><\/span><\/button><\/div><div class=\"submit-response \"><\/div><label ><input type=\"text\" class=\"required_field\" name=\"website\" autocomplete=\"maple-syrup-pot\"><\/label><\/div><\/div>\n\t\t\t\t\t\t\t\n\t\t\t\t\t\t<\/div><div data-identifier=\"field12\" data-index=\"6\" style=\"width: 100%\" class=\" form-element form-element-field12 options- form-element-6 default-false form-element-type-reCaptcha is-required-false odd -handle\">\n\t\t\t\t\t\t\t<div class=\"form-element-html\"><div ><div data-site-key=\"6LcDnXIpAAAAAB0O-reShJVV3R5qRVgSNsjbSXts\" class=\"captcha-placeholder \">reCaptcha v3<\/div><input type=\"hidden\" class=\"recaptcha-token \" name=\"recaptcha-token\"><\/div><\/div>\n\t\t\t\t\t\t\t\n\t\t\t\t\t\t<\/div><div data-identifier=\"field13\" data-index=\"7\" style=\"width: 100%\" class=\" even form-element form-element-field13 options-false form-element-7 default-false form-element-type-customText is-required-false -handle\">\n\t\t\t\t\t\t\t<div class=\"form-element-html\"><div ><div class=\"absolute-false customText-cover field-cover\" style=\"left: ; top: ;right: ;bottom: ;color: #666666 !important; background-color:\"><div class=\"full\" style=\"text-align: left\"><p style=\"text-align: center\" ><b>Lo llamaremos en las pr\u00f3ximas 24 horas.<\/b><\/p><\/div><input type=\"hidden\" name=\"field13\" value=\"Lo llamaremos en las pr\u00f3ximas 24 horas.\" data-field-id=\"field13\"><\/div><\/div><\/div>\n\t\t\t\t\t\t\t\n\t\t\t\t\t\t<\/div><div data-identifier=\"field21\" data-index=\"8\" style=\"width: 100%\" class=\" form-element form-element-field21 options-true form-element-8 default-true form-element-type-oneLineText is-required-false odd -handle\">\n\t\t\t\t\t\t\t<div class=\"form-element-html\"><div ><label class=\"oneLineText-cover field-cover \"><span class=\"sub-label-false\"><span class=\"main-label\"><span >ref<\/span><\/span><span class=\"sub-label\"><\/span><\/span><div><span class=\"error\"><\/span><input type=\"text\" placeholder=\"\" make-read-only=\"false\" data-field-id=\"field21\" name=\"field21[]\" data-min-char=\"\" data-max-char=\"\" data-val-type=\"\" data-regexp=\"\" data-is-required=\"false\" data-allow-spaces=\"\" class=\"validation-lenient\" data-placement=\"right\" data-toggle=\"tooltip\" tooltip=\"\" data-trigger=\"focus\" data-html=\"true\" data-input-mask=\"\" data-mask-placeholder=\"\" data-original-title=\"\"><i class=\"formcraft-icon formcraft-icon-type-\"><\/i><\/div><\/label><\/div><\/div>\n\t\t\t\t\t\t\t\n\t\t\t\t\t\t<\/div>\n\t\t\t\t\t<\/div>\n\t\t\t\t<\/div><!-- end ngRepeat: page in Builder.FormElements track by $index -->\n\t\t\t<\/form>\n\t\t\t<div class=\"prev-next prev-next-1\" style=\"width: 100%; color: #666666; font-size: 100%; background: white\">\n\t\t\t\t<div>\n\t\t\t\t\t\n\t\t\t\t\t<span class=\"inactive page-prev \"><i class=\"formcraft-icon\">keyboard_arrow_left<\/i>Previous<\/span><\/div>\n\t\t\t\t<div>\n\t\t\t\t\t\n\t\t\t\t\t<span class=\"page-next \">Next<i class=\"formcraft-icon\">keyboard_arrow_right<\/i><\/span><\/div>\n\t\t\t<\/div>\n\t\t<\/div><\/div>\n<p>[\/vc_wp_text][vc_separator align=\u00bbalign_left\u00bb css=\u00bb\u00bb][vc_column_text css=\u00bb\u00bb]<\/p>\n<p><em><strong>Private Property Mallorca<\/strong> est\u00e1 especializada en propiedades residenciales de alta calidad en toda Mallorca. Cada consulta se gestiona de manera personal y profesional. Sus datos nunca se comparten con terceros.<\/em><\/p>\n<p>[\/vc_column_text][\/vc_column][vc_column width=\u00bb1\/6&#8243;][\/vc_column][\/vc_row][vc_row content_placement=\u00bbmiddle\u00bb][vc_column width=\u00bb1\/6&#8243;][\/vc_column][vc_column width=\u00bb1\/6&#8243;][vc_single_image image=\u00bb1299457&#8243; img_size=\u00bb\u00bb alignment=\u00bbright\u00bb css=\u00bb\u00bb][\/vc_column][vc_column width=\u00bb1\/2&#8243; css=\u00bb.vc_custom_1773751594616{margin-left: -25px !important;}\u00bb][vc_column_text css=\u00bb\u00bb]<\/p>\n<p style=\"text-align: justify;\" data-start=\"86\" data-end=\"129\"><strong data-start=\"86\" data-end=\"129\">Bienvenido \u2013 es un placer tenerle aqu\u00ed.<\/strong><\/p>\n<p style=\"text-align: justify;\" data-start=\"131\" data-end=\"381\">Mi nombre es Simon Gerber. Si est\u00e1 viendo esta p\u00e1gina, es porque ha sido recomendado por alguien con quien ya colaboramos con \u00e9xito. As\u00ed es como trabajamos: de forma personal, discreta y con un enfoque claro en las personas, no solo en los inmuebles.<br \/>\nTras este primer contacto, nuestro equipo en Private Property Mallorca (PPM) tomar\u00e1 el relevo y le acompa\u00f1ar\u00e1 de forma profesional durante todo el proceso.<br \/>\nEn PPM, cada colaboraci\u00f3n comienza con una comprensi\u00f3n clara de sus objetivos. Tanto si desea comprar como vender, escuchamos con atenci\u00f3n, analizamos su situaci\u00f3n y desarrollamos una estrategia a medida basada en sus necesidades.<br \/>\nPara los compradores, esto significa una b\u00fasqueda estructurada y eficiente, con propiedades cuidadosamente seleccionadas que realmente se ajustan a su estilo de vida.<br \/>\nPara los vendedores, significa una comercializaci\u00f3n enfocada y de alta calidad, solicitudes cualificadas y un proceso de venta orientado a identificar al comprador m\u00e1s adecuado.<br \/>\nLa discreci\u00f3n no es un a\u00f1adido, sino un principio fundamental.<br \/>\nDesde 2004, PPM est\u00e1 consolidada como una agencia inmobiliaria de lujo en Mallorca, con una fuerte presencia en el suroeste, en Palma y en ubicaciones seleccionadas de toda la isla. Trabajamos en alem\u00e1n, ingl\u00e9s y espa\u00f1ol, garantizando una comunicaci\u00f3n clara en cada fase.<br \/>\nEsperamos tener el placer de conocerle personalmente.<\/p>\n<p>[\/vc_column_text][vc_column_text css=\u00bb\u00bb]<\/p>\n<p style=\"text-align: center;\"><a href=\"https:\/\/www.privatepropertymallorca.com\/es\/pie-de-imprenta\/\">Pi\u00e9 de Imprenta<\/a> \u00a0 \u00a0 \u00a0 \u00a0 \u00a0 \u00a0 \u00a0 \u00a0 \u00a0 \u00a0 \u00a0 \u00a0 \u00a0 \u00a0 \u00a0 \u00a0 \u00a0 \u00a0 \u00a0 \u00a0 \u00a0 \u00a0<a href=\"https:\/\/www.privatepropertymallorca.com\/es\/politica-de-privacidad\/\">Politica de Privacidad<\/a><\/p>\n<p>[\/vc_column_text][\/vc_column][vc_column width=\u00bb1\/6&#8243;][\/vc_column][\/vc_row][vc_row][vc_column][vc_raw_js]JTNDc2NyaXB0JTNFJTBEJTBBd2luZG93LmFkZEV2ZW50TGlzdGVuZXIlMjglMjJsb2FkJTIyJTJDJTIwZnVuY3Rpb24lMjglMjklMjAlN0IlMEQlMEElMjAlMjAlMjAlMjBjb25zdCUyMHJlZiUyMCUzRCUyMG5ldyUyMFVSTFNlYXJjaFBhcmFtcyUyOHdpbmRvdy5sb2NhdGlvbi5zZWFyY2glMjkuZ2V0JTI4JTIycmVmJTIyJTI5JTNCJTBEJTBBJTIwJTIwJTIwJTIwaWYlMjAlMjglMjFyZWYlMjklMjByZXR1cm4lM0IlMEQlMEElMEQlMEElMjAlMjAlMjAlMjBjb25zdCUyMGZpZWxkJTIwJTNEJTIwZG9jdW1lbnQucXVlcnlTZWxlY3RvciUyOCUyN2lucHV0JTVCbmFtZSUzRCUyMmZpZWxkMjElNUIlNUQlMjIlNUQlMjclMjklM0IlMEQlMEElMjAlMjAlMjAlMjBpZiUyMCUyOGZpZWxkJTI5JTIwZmllbGQudmFsdWUlMjAlM0QlMjByZWYlM0IlMEQlMEElN0QlMjklM0IlMEQlMEElM0MlMkZzY3JpcHQlM0U=[\/vc_raw_js][\/vc_column][\/vc_row]<\/p>\n<div class=\"bellvueblock \"><img decoding=\"async\" src=\"https:\/\/www.privatepropertymallorca.com\/wp-content\/uploads\/2020\/02\/best_icon-159x300.png\" alt=\"bellvue\"><\/div><\/div>","protected":false},"excerpt":{"rendered":"<p>[vc_row content_placement=\u00bbmiddle\u00bb bg_type=\u00bbbg_color\u00bb css=\u00bb.vc_custom_1773409559871{margin-top: 15px !important;margin-right: 0px !important;margin-left: 0px !important;background-position: center !important;background-repeat: no-repeat !important;background-size: contain !important;}\u00bb bg_color_value=\u00bb#FFFFFF\u00bb][vc_column css=\u00bb.vc_custom_1774006029108{padding-bottom: 100px !important;background-image: &#8230;<\/p>\n","protected":false},"author":692,"featured_media":0,"parent":0,"menu_order":0,"comment_status":"closed","ping_status":"closed","template":"","meta":{"_seopress_robots_primary_cat":"","_seopress_titles_title":"Contact - Private Property Mallorca Real Estate","_seopress_titles_desc":"You would like to buy or sell a property on Mallorca? You have comments, wishes and questions? We advise you individually and very personally and look forward to hearing from you.","_seopress_robots_index":"","footnotes":""},"class_list":["post-1295221","page","type-page","status-publish"],"_links":{"self":[{"href":"https:\/\/www.privatepropertymallorca.com\/es\/wp-json\/wp\/v2\/pages\/1295221","targetHints":{"allow":["GET"]}}],"collection":[{"href":"https:\/\/www.privatepropertymallorca.com\/es\/wp-json\/wp\/v2\/pages"}],"about":[{"href":"https:\/\/www.privatepropertymallorca.com\/es\/wp-json\/wp\/v2\/types\/page"}],"author":[{"embeddable":true,"href":"https:\/\/www.privatepropertymallorca.com\/es\/wp-json\/wp\/v2\/users\/692"}],"replies":[{"embeddable":true,"href":"https:\/\/www.privatepropertymallorca.com\/es\/wp-json\/wp\/v2\/comments?post=1295221"}],"version-history":[{"count":3,"href":"https:\/\/www.privatepropertymallorca.com\/es\/wp-json\/wp\/v2\/pages\/1295221\/revisions"}],"predecessor-version":[{"id":1302234,"href":"https:\/\/www.privatepropertymallorca.com\/es\/wp-json\/wp\/v2\/pages\/1295221\/revisions\/1302234"}],"wp:attachment":[{"href":"https:\/\/www.privatepropertymallorca.com\/es\/wp-json\/wp\/v2\/media?parent=1295221"}],"curies":[{"name":"wp","href":"https:\/\/api.w.org\/{rel}","templated":true}]}}